{"id":6157,"date":"2018-10-02T23:48:05","date_gmt":"2018-10-02T23:48:05","guid":{"rendered":"http:\/\/www.patutkd.org\/?page_id=6157"},"modified":"2025-08-29T18:44:09","modified_gmt":"2025-08-29T18:44:09","slug":"nosotros","status":"publish","type":"page","link":"https:\/\/www.patutkd.org\/en\/nosotros\/","title":{"rendered":"ABOUT US"},"content":{"rendered":"<div class=\"wpb-content-wrapper\"><section data-vc-full-width=\"true\" data-vc-full-width-temp=\"true\" data-vc-full-width-init=\"false\" class=\"vc_section vc_custom_1643135209338 ltx-sr ltx-sr-effect-fade_in ltx-sr-id-716127176 ltx-sr-el-list_el ltx-sr-delay-200 ltx-sr-duration-300 ltx-sr-sequences-100\"><div class=\"vc_row wpb_row vc_row-fluid vc_row-o-content-bottom vc_row-flex\"><div class=\"wpb_column vc_column_container vc_col-sm-12 vc_col-md-6 text-align-center-sm-ms\"><div class=\"vc_column-inner\"><div class=\"wpb_wrapper\"><div class=\"heading  default align-left color-main subcolor-main transform-header-up icon-type-hidden   vc_custom_1704997348119 heading-tag-h2\" id=\"like_sc_header_975211995\"><h2 class=\"header ltx-sr-id-like_sc_header_975211995116770051 ltx-sr ltx-sr-effect-fade_in ltx-sr-el-block ltx-sr-delay-0 ltx-sr-duration-1000 ltx-sr-sequences-0\">Who are we?<\/h2><\/div><div class=\"vc_empty_space\"   style=\"height: 45px\"><span class=\"vc_empty_space_inner\"><\/span><\/div><div class=\"ltx-content-width col-align-left\" id=\"like_sc_content_width_1739519187\" style=\"max-width: 470px\"><div class=\"ltx-wrapper\">\n\t<div class=\"wpb_text_column wpb_content_element\">\n\t\t<div class=\"wpb_wrapper\">\n\t\t\t<div class=\"flex-1 overflow-hidden\">\n<div class=\"react-scroll-to-bottom--css-lgdep-79elbk h-full\">\n<div class=\"react-scroll-to-bottom--css-lgdep-1n7m0yu\">\n<div class=\"flex flex-col pb-9 text-sm\">\n<div class=\"w-full text-token-text-primary\" data-testid=\"conversation-turn-3\">\n<div class=\"px-4 py-2 justify-center text-base md:gap-6 m-auto\">\n<div class=\"flex flex-1 text-base mx-auto gap-3 md:px-5 lg:px-1 xl:px-5 md:max-w-3xl lg:max-w-&#091;40rem&#093; xl:max-w-&#091;48rem&#093; group final-completion\">\n<div class=\"relative flex w-full flex-col lg:w-&#091;calc(100%-115px)&#093; agent-turn\">\n<div class=\"flex-col gap-1 md:gap-3\">\n<div class=\"flex flex-grow flex-col max-w-full\">\n<div class=\"min-h-&#091;20px&#093; text-message flex flex-col items-start gap-3 whitespace-pre-wrap break-words &#091;.text-message+&amp;&#093;:mt-5 overflow-x-auto\" data-message-author-role=\"assistant\" data-message-id=\"4e746016-81b2-4164-a797-d3eaf8d39849\">\n<div class=\"markdown prose w-full break-words dark:prose-invert light\">\n<p>The Pan American Taekwondo Union (PATU) is a non-profit organization and continental association, and in conformity, with the principles of World Taekwondo (WT). Forty-five Member National Associations integrate us as one of the five Continental Unions recognized by WT globally.<\/p>\n<p>As an organization established by the Members of WT, we promote the interests of World Taekwondo within the continent to enhance and develop the sport and martial art in the Pan American region. By coordinating international promoted events and advising members in all aspects of Taekwondo as a sport, business, and martial art.<\/p>\n<\/div>\n<\/div>\n<\/div>\n<\/div>\n<\/div>\n<\/div>\n<\/div>\n<\/div>\n<\/div>\n<\/div>\n<\/div>\n<\/div>\n\n\t\t<\/div>\n\t<\/div>\n<\/div><\/div><\/div><\/div><\/div><div class=\"wpb_column vc_column_container vc_col-sm-12 vc_col-md-6\"><div class=\"vc_column-inner\"><div class=\"wpb_wrapper\">\n\t<div  class=\"wpb_single_image wpb_content_element vc_align_left wpb_content_element wpb_animate_when_almost_visible wpb_bounceInRight bounceInRight vc_custom_1643138807568\">\n\t\t\n\t\t<figure class=\"wpb_wrapper vc_figure\">\n\t\t\t<div class=\"vc_single_image-wrapper   vc_box_border_grey\"><img loading=\"lazy\" decoding=\"async\" width=\"1024\" height=\"768\" src=\"https:\/\/www.patutkd.org\/wp-content\/uploads\/2022\/01\/Downloaderfghf.png\" class=\"vc_single_image-img attachment-full\" alt=\"\" title=\"[Downloaderfghf\" srcset=\"https:\/\/www.patutkd.org\/wp-content\/uploads\/2022\/01\/Downloaderfghf.png 1024w, https:\/\/www.patutkd.org\/wp-content\/uploads\/2022\/01\/Downloaderfghf-300x225.png 300w, https:\/\/www.patutkd.org\/wp-content\/uploads\/2022\/01\/Downloaderfghf-768x576.png 768w, https:\/\/www.patutkd.org\/wp-content\/uploads\/2022\/01\/Downloaderfghf-16x12.png 16w, https:\/\/www.patutkd.org\/wp-content\/uploads\/2022\/01\/Downloaderfghf-340x255.png 340w, https:\/\/www.patutkd.org\/wp-content\/uploads\/2022\/01\/Downloaderfghf-600x450.png 600w, https:\/\/www.patutkd.org\/wp-content\/uploads\/2022\/01\/Downloaderfghf-755x566.png 755w, https:\/\/www.patutkd.org\/wp-content\/uploads\/2022\/01\/Downloaderfghf-585x439.png 585w\" sizes=\"auto, (max-width: 1024px) 100vw, 1024px\" \/><\/div>\n\t\t<\/figure>\n\t<\/div>\n<\/div><\/div><\/div><\/div><\/section><div class=\"vc_row-full-width vc_clearfix\"><\/div><section data-vc-full-width=\"true\" data-vc-full-width-temp=\"true\" data-vc-full-width-init=\"false\" class=\"vc_section ltx-cards vc_custom_1643054307928 vc_section-has-fill bg-pos-center-center ltx-overlay bg-overlay-xblack displaced-top text-align-center-ms\"><div class=\"vc_row wpb_row vc_row-fluid\"><div class=\"wpb_column vc_column_container vc_col-sm-12\"><div class=\"vc_column-inner\"><div class=\"wpb_wrapper\"><div class=\"es-resp\">\t<div class=\"hidden-xl hidden-md hidden-sm hidden-ms hidden-xs\" style=\"height: 64px;\"><\/div>\t<div class=\"visible-md\" style=\"height: 64px;\"><\/div>\t<div class=\"visible-sm\" style=\"height: 64px;\"><\/div>\t<div class=\"visible-ms\" style=\"height: 32px;\"><\/div>\t<div class=\"visible-xs\" style=\"height: 32px;\"><\/div><\/div><div class=\"heading  default align-left color-main subcolor-main transform-header-up icon-type-hidden   vc_custom_1704997502751 heading-tag-h2\" id=\"like_sc_header_1262069646\"><h2 class=\"header ltx-sr-id-like_sc_header_126206964614972248 ltx-sr ltx-sr-effect-fade_in ltx-sr-el-block ltx-sr-delay-0 ltx-sr-duration-1000 ltx-sr-sequences-0\">PATU COUNCIL<\/h2><\/div><div class=\"vc_empty_space\"   style=\"height: 45px\"><span class=\"vc_empty_space_inner\"><\/span><\/div><\/div><\/div><\/div><\/div><div class=\"vc_row wpb_row vc_row-fluid text-align-center-sm-ms\"><div class=\"wpb_column vc_column_container vc_col-sm-12 vc_col-lg-4 vc_col-md-4 vc_col-xs-12\"><div class=\"vc_column-inner\"><div class=\"wpb_wrapper\">\n\t<div class=\"wpb_text_column wpb_content_element text-white\" >\n\t\t<div class=\"wpb_wrapper\">\n\t\t\t<p>Presidents<\/p>\n<p>Vice President Elevated<br \/>\nVice President of North America<br \/>\nVice President of the Caribbean<\/p>\n<p>Auditors<\/p>\n<p>Council Member for North America<br \/>\nCouncil Member for Caribbean<br \/>\nCouncil Member Athlete\u2019s Committee<br \/>\nPATU CEO<\/p>\n\n\t\t<\/div>\n\t<\/div>\n<\/div><\/div><\/div><div class=\"wpb_column vc_column_container vc_col-sm-12 vc_col-lg-4 vc_col-md-4 vc_col-xs-12\"><div class=\"vc_column-inner\"><div class=\"wpb_wrapper\">\n\t<div class=\"wpb_text_column wpb_content_element text-white\" >\n\t\t<div class=\"wpb_wrapper\">\n\t\t\t<p>General Secretary<\/p>\n<p>Vice President Appointed<br \/>\nVice President of Central America<br \/>\nVice President of South America<\/p>\n<p>Treasurer<\/p>\n<p>Council Member for Central America<br \/>\nCouncil Member for South America<br \/>\nCouncil Member Athlete\u2019s Committee<\/p>\n\n\t\t<\/div>\n\t<\/div>\n<\/div><\/div><\/div><div class=\"wpb_column vc_column_container vc_col-sm-12 vc_col-lg-4 vc_col-md-4 vc_col-xs-12\"><div class=\"vc_column-inner\"><div class=\"wpb_wrapper\">\n\t<div  class=\"wpb_single_image wpb_content_element vc_align_center wpb_content_element wpb_animate_when_almost_visible wpb_bounceInRight bounceInRight\">\n\t\t\n\t\t<figure class=\"wpb_wrapper vc_figure\">\n\t\t\t<div class=\"vc_single_image-wrapper   vc_box_border_grey\"><img loading=\"lazy\" decoding=\"async\" width=\"1024\" height=\"1024\" src=\"https:\/\/www.patutkd.org\/wp-content\/uploads\/2022\/01\/10-LOGO-COLOR-NEGATIVO-1024x1024.png\" class=\"vc_single_image-img attachment-large\" alt=\"\" title=\"10 LOGO COLOR NEGATIVO\" srcset=\"https:\/\/www.patutkd.org\/wp-content\/uploads\/2022\/01\/10-LOGO-COLOR-NEGATIVO-1024x1024.png 1024w, https:\/\/www.patutkd.org\/wp-content\/uploads\/2022\/01\/10-LOGO-COLOR-NEGATIVO-300x300.png 300w, https:\/\/www.patutkd.org\/wp-content\/uploads\/2022\/01\/10-LOGO-COLOR-NEGATIVO-150x150.png 150w, https:\/\/www.patutkd.org\/wp-content\/uploads\/2022\/01\/10-LOGO-COLOR-NEGATIVO-768x768.png 768w, https:\/\/www.patutkd.org\/wp-content\/uploads\/2022\/01\/10-LOGO-COLOR-NEGATIVO-1536x1536.png 1536w, https:\/\/www.patutkd.org\/wp-content\/uploads\/2022\/01\/10-LOGO-COLOR-NEGATIVO-2048x2048.png 2048w, https:\/\/www.patutkd.org\/wp-content\/uploads\/2022\/01\/10-LOGO-COLOR-NEGATIVO-12x12.png 12w, https:\/\/www.patutkd.org\/wp-content\/uploads\/2022\/01\/10-LOGO-COLOR-NEGATIVO-340x340.png 340w, https:\/\/www.patutkd.org\/wp-content\/uploads\/2022\/01\/10-LOGO-COLOR-NEGATIVO-600x600.png 600w, https:\/\/www.patutkd.org\/wp-content\/uploads\/2022\/01\/10-LOGO-COLOR-NEGATIVO-100x100.png 100w, https:\/\/www.patutkd.org\/wp-content\/uploads\/2022\/01\/10-LOGO-COLOR-NEGATIVO-24x24.png 24w, https:\/\/www.patutkd.org\/wp-content\/uploads\/2022\/01\/10-LOGO-COLOR-NEGATIVO-48x48.png 48w, https:\/\/www.patutkd.org\/wp-content\/uploads\/2022\/01\/10-LOGO-COLOR-NEGATIVO-96x96.png 96w, https:\/\/www.patutkd.org\/wp-content\/uploads\/2022\/01\/10-LOGO-COLOR-NEGATIVO-492x492.png 492w, https:\/\/www.patutkd.org\/wp-content\/uploads\/2022\/01\/10-LOGO-COLOR-NEGATIVO-70x70.png 70w, https:\/\/www.patutkd.org\/wp-content\/uploads\/2022\/01\/10-LOGO-COLOR-NEGATIVO-755x755.png 755w, https:\/\/www.patutkd.org\/wp-content\/uploads\/2022\/01\/10-LOGO-COLOR-NEGATIVO-520x520.png 520w\" sizes=\"auto, (max-width: 1024px) 100vw, 1024px\" \/><\/div>\n\t\t<\/figure>\n\t<\/div>\n<\/div><\/div><\/div><\/div><\/section><div class=\"vc_row-full-width vc_clearfix\"><\/div><section data-vc-full-width=\"true\" data-vc-full-width-temp=\"true\" data-vc-full-width-init=\"false\" data-vc-stretch-content=\"true\" class=\"vc_section vc_section-o-content-middle vc_section-flex ltx-overlay bg-overlay-black border_shadow text-align-center-ms ltx-sr ltx-sr-effect-fade_in ltx-sr-id-2046477569 ltx-sr-el-list_el ltx-sr-delay-200 ltx-sr-duration-300 ltx-sr-sequences-100\"><div id=\"background-left-force\" class=\"vc_row wpb_row vc_row-fluid vc_custom_1642622044667 vc_row-has-fill vc_row-o-equal-height vc_row-o-content-middle vc_row-flex bg-pos-left-center ltx-overlay bg-overlay-dark ltx-homepage-form text-align-center-sm-ms\"><div class=\"wpb_column vc_column_container vc_col-sm-4 vc_col-lg-6 vc_col-md-5 vc_col-has-fill bg-pos-center-center ltx-overlay bg-overlay-black text-align-center\"><div class=\"vc_column-inner vc_custom_1643145967603\"><div class=\"wpb_wrapper\"><\/div><\/div><\/div><div class=\"wpb_column vc_column_container vc_col-sm-8 vc_col-lg-6 vc_col-md-7 vc_col-has-fill bg-color-gray\"><div class=\"vc_column-inner vc_custom_1643218017886\"><div class=\"wpb_wrapper\"><div class=\"vc_row wpb_row vc_inner vc_row-fluid custom-title-left\"><div class=\"wpb_column vc_column_container vc_col-sm-12\"><div class=\"vc_column-inner\"><div class=\"wpb_wrapper\"><div class=\"es-resp\">\t<div class=\"hidden-xl hidden-md hidden-sm hidden-ms hidden-xs\" style=\"height: 24px;\"><\/div>\t<div class=\"visible-md\" style=\"height: 24px;\"><\/div>\t<div class=\"visible-sm\" style=\"height: 24px;\"><\/div>\t<div class=\"visible-ms\" style=\"height: 24px;\"><\/div>\t<div class=\"visible-xs\" style=\"height: 24px;\"><\/div><\/div><div class=\"heading  default align-left color-black subcolor-main transform-header-up icon-type-hidden   vc_custom_1704997854066 heading-tag-h2\" id=\"like_sc_header_1790958007\"><h2 class=\"header ltx-sr-id-like_sc_header_1790958007972541600 ltx-sr ltx-sr-effect-fade_in ltx-sr-el-block ltx-sr-delay-0 ltx-sr-duration-1000 ltx-sr-sequences-0\">PATU 21-25 Structure<\/h2><\/div><\/div><\/div><\/div><\/div><div class=\"ltx-content-width col-align-left\" id=\"like_sc_content_width_1575108199\" style=\"max-width: 470px\"><div class=\"ltx-wrapper\">\n\t<div class=\"wpb_text_column wpb_content_element\">\n\t\t<div class=\"wpb_wrapper\">\n\t\t\t<p>Secretariat<br \/>\nAthletes' Committee<br \/>\nCoaches Committee<br \/>\nDevelopment Committee<br \/>\nEducation Committee<br \/>\nFinance Committee<br \/>\nGames Committee<br \/>\nHigh-Performance Committee<br \/>\nIntegrity and Ethics Committee<br \/>\nJuridical Committee<br \/>\nMarketing Committee<br \/>\nMedical Committee<br \/>\nMember Relations and Development (MRD) Committee<br \/>\nPara Taekwondo Committee<br \/>\nPoomsae Committee<br \/>\nReferee Committee<br \/>\nStrategic Planning and Advisory Committee<br \/>\nTaekwondo for all Committee<br \/>\nTechnical Committee<\/p>\n\n\t\t<\/div>\n\t<\/div>\n<\/div><\/div><\/div><\/div><\/div><\/div><\/section><div class=\"vc_row-full-width vc_clearfix\"><\/div>\n<\/div>","protected":false},"excerpt":{"rendered":"\u00bfQui\u00e9nes somos? La Uni\u00f3n Panamericana de Taekwondo (PATU) es una organizaci\u00f3n sin fines de lucro y una asociaci\u00f3n continental, y en conformidad, con los principios de la Federaci\u00f3n Mundial de Taekwondo (WT). Cuarenta y cinco Asociaciones Nacionales Miembros nos integran como una de las cinco uniones continentales reconocidas globalmente por la WT. Como una organizaci\u00f3n establecida por los Miembros de la WT, promovemos los intereses del Taekwondo Mundial dentro del continente para mejorar y desarrollar el deporte y el arte marcial en la regi\u00f3n Panamericana. Coordinamos eventos internacionales promovidos y asesoramos a los miembros en todos los aspectos del Taekwondo como deporte, negocio y arte marcial. CONSEJO DE PATU Presidentes Vicepresidente Elevado Vicepresidente de Am\u00e9rica del Norte Vicepresidente del Caribe Auditores Miembro del Consejo por Am\u00e9rica del Norte Miembro del Consejo por el Caribe Miembro del Consejo del Comit\u00e9 de Atletas DIRECTOR GENERAL PATU Secretarios Generales Vicepresidente Vicepresidente de Am\u00e9rica [...]","protected":false},"author":1,"featured_media":0,"parent":0,"menu_order":0,"comment_status":"closed","ping_status":"closed","template":"","meta":{"cybocfi_hide_featured_image":"","footnotes":""},"class_list":["post-6157","page","type-page","status-publish","hentry"],"yoast_head":"<!-- This site is optimized with the Yoast SEO plugin v26.7 - https:\/\/yoast.com\/wordpress\/plugins\/seo\/ -->\n<title>Nosotros - PATU | Pan American Taekwondo Union<\/title>\n<meta name=\"robots\" content=\"index, follow, max-snippet:-1, max-image-preview:large, max-video-preview:-1\" \/>\n<link rel=\"canonical\" href=\"https:\/\/www.patutkd.org\/en\/nosotros\/\" \/>\n<meta property=\"og:locale\" content=\"en_US\" \/>\n<meta property=\"og:type\" content=\"article\" \/>\n<meta property=\"og:title\" content=\"Nosotros - PATU | Pan American Taekwondo Union\" \/>\n<meta property=\"og:url\" content=\"https:\/\/www.patutkd.org\/en\/nosotros\/\" \/>\n<meta property=\"og:site_name\" content=\"PATU | Pan American Taekwondo Union\" \/>\n<meta property=\"article:modified_time\" content=\"2025-08-29T18:44:09+00:00\" \/>\n<meta name=\"twitter:card\" content=\"summary_large_image\" \/>\n<meta name=\"twitter:label1\" content=\"Est. reading time\" \/>\n\t<meta name=\"twitter:data1\" content=\"4 minutes\" \/>\n<script type=\"application\/ld+json\" class=\"yoast-schema-graph\">{\"@context\":\"https:\/\/schema.org\",\"@graph\":[{\"@type\":\"WebPage\",\"@id\":\"https:\/\/www.patutkd.org\/nosotros\/\",\"url\":\"https:\/\/www.patutkd.org\/nosotros\/\",\"name\":\"Nosotros - PATU | Pan American Taekwondo Union\",\"isPartOf\":{\"@id\":\"https:\/\/www.patutkd.org\/#website\"},\"datePublished\":\"2018-10-02T23:48:05+00:00\",\"dateModified\":\"2025-08-29T18:44:09+00:00\",\"breadcrumb\":{\"@id\":\"https:\/\/www.patutkd.org\/nosotros\/#breadcrumb\"},\"inLanguage\":\"en-US\",\"potentialAction\":[{\"@type\":\"ReadAction\",\"target\":[\"https:\/\/www.patutkd.org\/nosotros\/\"]}]},{\"@type\":\"BreadcrumbList\",\"@id\":\"https:\/\/www.patutkd.org\/nosotros\/#breadcrumb\",\"itemListElement\":[{\"@type\":\"ListItem\",\"position\":1,\"name\":\"Inicio\",\"item\":\"https:\/\/www.patutkd.org\/\"},{\"@type\":\"ListItem\",\"position\":2,\"name\":\"Nosotros\"}]},{\"@type\":\"WebSite\",\"@id\":\"https:\/\/www.patutkd.org\/#website\",\"url\":\"https:\/\/www.patutkd.org\/\",\"name\":\"PATU | Pan American Taekwondo Union\",\"description\":\"\",\"potentialAction\":[{\"@type\":\"SearchAction\",\"target\":{\"@type\":\"EntryPoint\",\"urlTemplate\":\"https:\/\/www.patutkd.org\/?s={search_term_string}\"},\"query-input\":{\"@type\":\"PropertyValueSpecification\",\"valueRequired\":true,\"valueName\":\"search_term_string\"}}],\"inLanguage\":\"en-US\"}]}<\/script>\n<!-- \/ Yoast SEO plugin. -->","yoast_head_json":{"title":"Nosotros - PATU | Pan American Taekwondo Union","robots":{"index":"index","follow":"follow","max-snippet":"max-snippet:-1","max-image-preview":"max-image-preview:large","max-video-preview":"max-video-preview:-1"},"canonical":"https:\/\/www.patutkd.org\/en\/nosotros\/","og_locale":"en_US","og_type":"article","og_title":"Nosotros - PATU | Pan American Taekwondo Union","og_url":"https:\/\/www.patutkd.org\/en\/nosotros\/","og_site_name":"PATU | Pan American Taekwondo Union","article_modified_time":"2025-08-29T18:44:09+00:00","twitter_card":"summary_large_image","twitter_misc":{"Est. reading time":"4 minutes"},"schema":{"@context":"https:\/\/schema.org","@graph":[{"@type":"WebPage","@id":"https:\/\/www.patutkd.org\/nosotros\/","url":"https:\/\/www.patutkd.org\/nosotros\/","name":"Nosotros - PATU | Pan American Taekwondo Union","isPartOf":{"@id":"https:\/\/www.patutkd.org\/#website"},"datePublished":"2018-10-02T23:48:05+00:00","dateModified":"2025-08-29T18:44:09+00:00","breadcrumb":{"@id":"https:\/\/www.patutkd.org\/nosotros\/#breadcrumb"},"inLanguage":"en-US","potentialAction":[{"@type":"ReadAction","target":["https:\/\/www.patutkd.org\/nosotros\/"]}]},{"@type":"BreadcrumbList","@id":"https:\/\/www.patutkd.org\/nosotros\/#breadcrumb","itemListElement":[{"@type":"ListItem","position":1,"name":"Inicio","item":"https:\/\/www.patutkd.org\/"},{"@type":"ListItem","position":2,"name":"Nosotros"}]},{"@type":"WebSite","@id":"https:\/\/www.patutkd.org\/#website","url":"https:\/\/www.patutkd.org\/","name":"PATU | Pan American Taekwondo Union","description":"","potentialAction":[{"@type":"SearchAction","target":{"@type":"EntryPoint","urlTemplate":"https:\/\/www.patutkd.org\/?s={search_term_string}"},"query-input":{"@type":"PropertyValueSpecification","valueRequired":true,"valueName":"search_term_string"}}],"inLanguage":"en-US"}]}},"_links":{"self":[{"href":"https:\/\/www.patutkd.org\/en\/wp-json\/wp\/v2\/pages\/6157","targetHints":{"allow":["GET"]}}],"collection":[{"href":"https:\/\/www.patutkd.org\/en\/wp-json\/wp\/v2\/pages"}],"about":[{"href":"https:\/\/www.patutkd.org\/en\/wp-json\/wp\/v2\/types\/page"}],"author":[{"embeddable":true,"href":"https:\/\/www.patutkd.org\/en\/wp-json\/wp\/v2\/users\/1"}],"replies":[{"embeddable":true,"href":"https:\/\/www.patutkd.org\/en\/wp-json\/wp\/v2\/comments?post=6157"}],"version-history":[{"count":63,"href":"https:\/\/www.patutkd.org\/en\/wp-json\/wp\/v2\/pages\/6157\/revisions"}],"predecessor-version":[{"id":11684,"href":"https:\/\/www.patutkd.org\/en\/wp-json\/wp\/v2\/pages\/6157\/revisions\/11684"}],"wp:attachment":[{"href":"https:\/\/www.patutkd.org\/en\/wp-json\/wp\/v2\/media?parent=6157"}],"curies":[{"name":"wp","href":"https:\/\/api.w.org\/{rel}","templated":true}]}}