{"id":580,"date":"2017-07-08T14:31:42","date_gmt":"2017-07-08T14:31:42","guid":{"rendered":"http:\/\/www.patutkd.org\/?page_id=580"},"modified":"2025-08-29T18:43:19","modified_gmt":"2025-08-29T18:43:19","slug":"technical-departament-2","status":"publish","type":"page","link":"https:\/\/www.patutkd.org\/en\/technical-departament-2\/","title":{"rendered":"Technical Department"},"content":{"rendered":"<div class=\"wpb-content-wrapper\"><div class=\"vc_row wpb_row vc_row-fluid\"><div class=\"wpb_column vc_column_container vc_col-sm-12\"><div class=\"vc_column-inner\"><div class=\"wpb_wrapper\"><div class=\"vc_tta-container\" data-vc-action=\"collapse\"><div class=\"vc_general vc_tta vc_tta-accordion vc_tta-color-grey vc_tta-style-classic vc_tta-shape-rounded vc_tta-o-shape-group vc_tta-controls-align-default\"><div class=\"vc_tta-panels-container\"><div class=\"vc_tta-panels\"><div class=\"vc_tta-panel vc_active\" id=\"1697469041596-ac182e5a-2eaf\" data-vc-content=\".vc_tta-panel-body\"><div class=\"vc_tta-panel-heading\"><h4 class=\"vc_tta-panel-title vc_tta-controls-icon-position-left\"><a href=\"#1697469041596-ac182e5a-2eaf\" data-vc-accordion data-vc-container=\".vc_tta-container\"><span class=\"vc_tta-title-text\">Director<\/span><i class=\"vc_tta-controls-icon vc_tta-controls-icon-plus\"><\/i><\/a><\/h4><\/div><div class=\"vc_tta-panel-body\">\n\t<div class=\"wpb_text_column wpb_content_element\" >\n\t\t<div class=\"wpb_wrapper\">\n\t\t\t<p>Young Gi Jeon<\/p>\n\n\t\t<\/div>\n\t<\/div>\n<\/div><\/div><div class=\"vc_tta-panel\" id=\"1697469041618-b1e1a0ca-1960\" data-vc-content=\".vc_tta-panel-body\"><div class=\"vc_tta-panel-heading\"><h4 class=\"vc_tta-panel-title vc_tta-controls-icon-position-left\"><a href=\"#1697469041618-b1e1a0ca-1960\" data-vc-accordion data-vc-container=\".vc_tta-container\"><span class=\"vc_tta-title-text\">Technical Committee<\/span><i class=\"vc_tta-controls-icon vc_tta-controls-icon-plus\"><\/i><\/a><\/h4><\/div><div class=\"vc_tta-panel-body\">\n\t<div class=\"wpb_text_column wpb_content_element\" >\n\t\t<div class=\"wpb_wrapper\">\n\t\t\t<p>Axel S\u00e1nchez<\/p>\n\n\t\t<\/div>\n\t<\/div>\n<\/div><\/div><div class=\"vc_tta-panel\" id=\"1697469209872-7af65ffc-c3a8\" data-vc-content=\".vc_tta-panel-body\"><div class=\"vc_tta-panel-heading\"><h4 class=\"vc_tta-panel-title vc_tta-controls-icon-position-left\"><a href=\"#1697469209872-7af65ffc-c3a8\" data-vc-accordion data-vc-container=\".vc_tta-container\"><span class=\"vc_tta-title-text\">Referee Committee<\/span><i class=\"vc_tta-controls-icon vc_tta-controls-icon-plus\"><\/i><\/a><\/h4><\/div><div class=\"vc_tta-panel-body\">\n\t<div class=\"wpb_text_column wpb_content_element\" >\n\t\t<div class=\"wpb_wrapper\">\n\t\t\t<p>Vusala Valiyeva<\/p>\n\n\t\t<\/div>\n\t<\/div>\n<\/div><\/div><div class=\"vc_tta-panel\" id=\"1697469234193-efd4353d-e47a\" data-vc-content=\".vc_tta-panel-body\"><div class=\"vc_tta-panel-heading\"><h4 class=\"vc_tta-panel-title vc_tta-controls-icon-position-left\"><a href=\"#1697469234193-efd4353d-e47a\" data-vc-accordion data-vc-container=\".vc_tta-container\"><span class=\"vc_tta-title-text\">Games Committee<\/span><i class=\"vc_tta-controls-icon vc_tta-controls-icon-plus\"><\/i><\/a><\/h4><\/div><div class=\"vc_tta-panel-body\">\n\t<div class=\"wpb_text_column wpb_content_element\" >\n\t\t<div class=\"wpb_wrapper\">\n\t\t\t<p>Dennis Berdugo<\/p>\n\n\t\t<\/div>\n\t<\/div>\n<\/div><\/div><\/div><\/div><\/div><\/div><div class=\"vc_separator wpb_content_element vc_separator_align_center vc_sep_width_100 vc_sep_pos_align_center vc_separator_no_text vc_sep_color_grey wpb_content_element  wpb_content_element\" ><span class=\"vc_sep_holder vc_sep_holder_l\"><span class=\"vc_sep_line\"><\/span><\/span><span class=\"vc_sep_holder vc_sep_holder_r\"><span class=\"vc_sep_line\"><\/span><\/span>\n<\/div><\/div><\/div><\/div><\/div>\n<\/div>","protected":false},"excerpt":{"rendered":"Director Young Gi Jeon Comit\u00e9 t\u00e9cnico Axel S\u00e1nchez Comit\u00e9 de \u00c1rbitros Vusala Valiyeva Comit\u00e9 de Juegos Dennis Berdugo","protected":false},"author":1,"featured_media":0,"parent":0,"menu_order":0,"comment_status":"closed","ping_status":"closed","template":"","meta":{"cybocfi_hide_featured_image":"","footnotes":""},"class_list":["post-580","page","type-page","status-publish","hentry"],"yoast_head":"<!-- This site is optimized with the Yoast SEO plugin v26.7 - https:\/\/yoast.com\/wordpress\/plugins\/seo\/ -->\n<title>Departamento T\u00e9cnico - PATU | Pan American Taekwondo Union<\/title>\n<meta name=\"robots\" content=\"index, follow, max-snippet:-1, max-image-preview:large, max-video-preview:-1\" \/>\n<link rel=\"canonical\" href=\"https:\/\/www.patutkd.org\/en\/technical-departament-2\/\" \/>\n<meta property=\"og:locale\" content=\"en_US\" \/>\n<meta property=\"og:type\" content=\"article\" \/>\n<meta property=\"og:title\" content=\"Departamento T\u00e9cnico - PATU | Pan American Taekwondo Union\" \/>\n<meta property=\"og:url\" content=\"https:\/\/www.patutkd.org\/en\/technical-departament-2\/\" \/>\n<meta property=\"og:site_name\" content=\"PATU | Pan American Taekwondo Union\" \/>\n<meta property=\"article:modified_time\" content=\"2025-08-29T18:43:19+00:00\" \/>\n<meta name=\"twitter:card\" content=\"summary_large_image\" \/>\n<meta name=\"twitter:label1\" content=\"Est. reading time\" \/>\n\t<meta name=\"twitter:data1\" content=\"1 minute\" \/>\n<script type=\"application\/ld+json\" class=\"yoast-schema-graph\">{\"@context\":\"https:\/\/schema.org\",\"@graph\":[{\"@type\":\"WebPage\",\"@id\":\"https:\/\/www.patutkd.org\/technical-departament-2\/\",\"url\":\"https:\/\/www.patutkd.org\/technical-departament-2\/\",\"name\":\"Departamento T\u00e9cnico - PATU | Pan American Taekwondo Union\",\"isPartOf\":{\"@id\":\"https:\/\/www.patutkd.org\/#website\"},\"datePublished\":\"2017-07-08T14:31:42+00:00\",\"dateModified\":\"2025-08-29T18:43:19+00:00\",\"breadcrumb\":{\"@id\":\"https:\/\/www.patutkd.org\/technical-departament-2\/#breadcrumb\"},\"inLanguage\":\"en-US\",\"potentialAction\":[{\"@type\":\"ReadAction\",\"target\":[\"https:\/\/www.patutkd.org\/technical-departament-2\/\"]}]},{\"@type\":\"BreadcrumbList\",\"@id\":\"https:\/\/www.patutkd.org\/technical-departament-2\/#breadcrumb\",\"itemListElement\":[{\"@type\":\"ListItem\",\"position\":1,\"name\":\"Inicio\",\"item\":\"https:\/\/www.patutkd.org\/\"},{\"@type\":\"ListItem\",\"position\":2,\"name\":\"Departamento T\u00e9cnico\"}]},{\"@type\":\"WebSite\",\"@id\":\"https:\/\/www.patutkd.org\/#website\",\"url\":\"https:\/\/www.patutkd.org\/\",\"name\":\"PATU | Pan American Taekwondo Union\",\"description\":\"\",\"potentialAction\":[{\"@type\":\"SearchAction\",\"target\":{\"@type\":\"EntryPoint\",\"urlTemplate\":\"https:\/\/www.patutkd.org\/?s={search_term_string}\"},\"query-input\":{\"@type\":\"PropertyValueSpecification\",\"valueRequired\":true,\"valueName\":\"search_term_string\"}}],\"inLanguage\":\"en-US\"}]}<\/script>\n<!-- \/ Yoast SEO plugin. -->","yoast_head_json":{"title":"Departamento T\u00e9cnico - PATU | Pan American Taekwondo Union","robots":{"index":"index","follow":"follow","max-snippet":"max-snippet:-1","max-image-preview":"max-image-preview:large","max-video-preview":"max-video-preview:-1"},"canonical":"https:\/\/www.patutkd.org\/en\/technical-departament-2\/","og_locale":"en_US","og_type":"article","og_title":"Departamento T\u00e9cnico - PATU | Pan American Taekwondo Union","og_url":"https:\/\/www.patutkd.org\/en\/technical-departament-2\/","og_site_name":"PATU | Pan American Taekwondo Union","article_modified_time":"2025-08-29T18:43:19+00:00","twitter_card":"summary_large_image","twitter_misc":{"Est. reading time":"1 minute"},"schema":{"@context":"https:\/\/schema.org","@graph":[{"@type":"WebPage","@id":"https:\/\/www.patutkd.org\/technical-departament-2\/","url":"https:\/\/www.patutkd.org\/technical-departament-2\/","name":"Departamento T\u00e9cnico - PATU | Pan American Taekwondo Union","isPartOf":{"@id":"https:\/\/www.patutkd.org\/#website"},"datePublished":"2017-07-08T14:31:42+00:00","dateModified":"2025-08-29T18:43:19+00:00","breadcrumb":{"@id":"https:\/\/www.patutkd.org\/technical-departament-2\/#breadcrumb"},"inLanguage":"en-US","potentialAction":[{"@type":"ReadAction","target":["https:\/\/www.patutkd.org\/technical-departament-2\/"]}]},{"@type":"BreadcrumbList","@id":"https:\/\/www.patutkd.org\/technical-departament-2\/#breadcrumb","itemListElement":[{"@type":"ListItem","position":1,"name":"Inicio","item":"https:\/\/www.patutkd.org\/"},{"@type":"ListItem","position":2,"name":"Departamento T\u00e9cnico"}]},{"@type":"WebSite","@id":"https:\/\/www.patutkd.org\/#website","url":"https:\/\/www.patutkd.org\/","name":"PATU | Pan American Taekwondo Union","description":"","potentialAction":[{"@type":"SearchAction","target":{"@type":"EntryPoint","urlTemplate":"https:\/\/www.patutkd.org\/?s={search_term_string}"},"query-input":{"@type":"PropertyValueSpecification","valueRequired":true,"valueName":"search_term_string"}}],"inLanguage":"en-US"}]}},"_links":{"self":[{"href":"https:\/\/www.patutkd.org\/en\/wp-json\/wp\/v2\/pages\/580","targetHints":{"allow":["GET"]}}],"collection":[{"href":"https:\/\/www.patutkd.org\/en\/wp-json\/wp\/v2\/pages"}],"about":[{"href":"https:\/\/www.patutkd.org\/en\/wp-json\/wp\/v2\/types\/page"}],"author":[{"embeddable":true,"href":"https:\/\/www.patutkd.org\/en\/wp-json\/wp\/v2\/users\/1"}],"replies":[{"embeddable":true,"href":"https:\/\/www.patutkd.org\/en\/wp-json\/wp\/v2\/comments?post=580"}],"version-history":[{"count":5,"href":"https:\/\/www.patutkd.org\/en\/wp-json\/wp\/v2\/pages\/580\/revisions"}],"predecessor-version":[{"id":11693,"href":"https:\/\/www.patutkd.org\/en\/wp-json\/wp\/v2\/pages\/580\/revisions\/11693"}],"wp:attachment":[{"href":"https:\/\/www.patutkd.org\/en\/wp-json\/wp\/v2\/media?parent=580"}],"curies":[{"name":"wp","href":"https:\/\/api.w.org\/{rel}","templated":true}]}}